{"id":1220,"date":"2023-01-24T19:23:39","date_gmt":"2023-01-24T19:23:39","guid":{"rendered":"https:\/\/smartbusiness-peru.com\/?page_id=1220"},"modified":"2023-05-16T15:24:57","modified_gmt":"2023-05-16T15:24:57","slug":"tarifario","status":"publish","type":"page","link":"https:\/\/smartbusiness-peru.com\/?page_id=1220","title":{"rendered":"Tarifario"},"content":{"rendered":"\t\t<div data-elementor-type=\"wp-page\" data-elementor-id=\"1220\" class=\"elementor elementor-1220\">\n\t\t\t\t\t\t<section class=\"elementor-section elementor-top-section elementor-element elementor-element-2ac02bdb elementor-section-boxed elementor-section-height-default elementor-section-height-default\" data-id=\"2ac02bdb\" data-element_type=\"section\" data-settings=\"{&quot;background_background&quot;:&quot;classic&quot;}\">\n\t\t\t\t\t\t\t<div class=\"elementor-background-overlay\"><\/div>\n\t\t\t\t\t\t\t<div class=\"elementor-container elementor-column-gap-no\">\n\t\t\t\t\t<div class=\"elementor-column elementor-col-100 elementor-top-column elementor-element elementor-element-7c998c7e\" data-id=\"7c998c7e\" data-element_type=\"column\">\n\t\t\t<div class=\"elementor-widget-wrap elementor-element-populated\">\n\t\t\t\t\t\t<div class=\"elementor-element elementor-element-5f785c45 elementor-widget elementor-widget-heading\" data-id=\"5f785c45\" data-element_type=\"widget\" data-widget_type=\"heading.default\">\n\t\t\t\t<div class=\"elementor-widget-container\">\n\t\t\t\t\t<h1 class=\"elementor-heading-title elementor-size-default\">Tarifario<\/h1>\t\t\t\t<\/div>\n\t\t\t\t<\/div>\n\t\t\t\t<div class=\"elementor-element elementor-element-5c948406 elementor-widget-divider--view-line elementor-widget elementor-widget-divider\" data-id=\"5c948406\" data-element_type=\"widget\" data-widget_type=\"divider.default\">\n\t\t\t\t<div class=\"elementor-widget-container\">\n\t\t\t\t\t\t\t<div class=\"elementor-divider\">\n\t\t\t<span class=\"elementor-divider-separator\">\n\t\t\t\t\t\t<\/span>\n\t\t<\/div>\n\t\t\t\t\t\t<\/div>\n\t\t\t\t<\/div>\n\t\t\t\t<div class=\"elementor-element elementor-element-23027ce elementor-widget elementor-widget-text-editor\" data-id=\"23027ce\" data-element_type=\"widget\" data-widget_type=\"text-editor.default\">\n\t\t\t\t<div class=\"elementor-widget-container\">\n\t\t\t\t\t\t\t\t\t<p><a href=\"https:\/\/www.muspayperu.com\/smart\">Inicio<\/a> &gt; Tarifario<\/p>\t\t\t\t\t\t\t\t<\/div>\n\t\t\t\t<\/div>\n\t\t\t\t\t<\/div>\n\t\t<\/div>\n\t\t\t\t\t<\/div>\n\t\t<\/section>\n\t\t\t\t<section class=\"elementor-section elementor-top-section elementor-element elementor-element-4c6647d5 elementor-section-boxed elementor-section-height-default elementor-section-height-default\" data-id=\"4c6647d5\" data-element_type=\"section\" data-settings=\"{&quot;background_background&quot;:&quot;classic&quot;}\">\n\t\t\t\t\t\t<div class=\"elementor-container elementor-column-gap-no\">\n\t\t\t\t\t<div class=\"elementor-column elementor-col-100 elementor-top-column elementor-element elementor-element-1c31434f\" data-id=\"1c31434f\" data-element_type=\"column\">\n\t\t\t<div class=\"elementor-widget-wrap elementor-element-populated\">\n\t\t\t\t\t\t<div class=\"elementor-element elementor-element-3c01bca elementor-widget elementor-widget-heading\" data-id=\"3c01bca\" data-element_type=\"widget\" data-widget_type=\"heading.default\">\n\t\t\t\t<div class=\"elementor-widget-container\">\n\t\t\t\t\t<h2 class=\"elementor-heading-title elementor-size-default\">\"Tarifario v\u00e1lido para todo el territorio nacional, NO INCLUYE IGV\"<\/h2>\t\t\t\t<\/div>\n\t\t\t\t<\/div>\n\t\t\t\t<div class=\"elementor-element elementor-element-8b237c8 elementor-widget elementor-widget-toggle\" data-id=\"8b237c8\" data-element_type=\"widget\" data-widget_type=\"toggle.default\">\n\t\t\t\t<div class=\"elementor-widget-container\">\n\t\t\t\t\t\t\t<div class=\"elementor-toggle\">\n\t\t\t\t\t\t\t<div class=\"elementor-toggle-item\">\n\t\t\t\t\t<div id=\"elementor-tab-title-1451\" class=\"elementor-tab-title\" data-tab=\"1\" role=\"button\" aria-controls=\"elementor-tab-content-1451\" aria-expanded=\"false\">\n\t\t\t\t\t\t\t\t\t\t\t\t<span class=\"elementor-toggle-icon elementor-toggle-icon-left\" aria-hidden=\"true\">\n\t\t\t\t\t\t\t\t\t\t\t\t\t\t\t<span class=\"elementor-toggle-icon-closed\"><i class=\"fas fa-caret-right\"><\/i><\/span>\n\t\t\t\t\t\t\t\t<span class=\"elementor-toggle-icon-opened\"><i class=\"elementor-toggle-icon-opened fas fa-caret-up\"><\/i><\/span>\n\t\t\t\t\t\t\t\t\t\t\t\t\t<\/span>\n\t\t\t\t\t\t\t\t\t\t\t\t<a class=\"elementor-toggle-title\" tabindex=\"0\">Impo\/Expo Mar\u00edtimo FCL<\/a>\n\t\t\t\t\t<\/div>\n\n\t\t\t\t\t<div id=\"elementor-tab-content-1451\" class=\"elementor-tab-content elementor-clearfix\" data-tab=\"1\" role=\"region\" aria-labelledby=\"elementor-tab-title-1451\"><table class=\"default\">\n<tbody style=\"background: rgba(90,198,205,255); border: 1px solid rgba(200, 100, 0, 0.3);\">\n<tr>\n<th>MAR\u00cdTIMO FCL (IMPO\/EXPO)<\/th>\n<th>COSTO SIN IGV<\/th>\n<th>UNIDAD DE COBRO<\/th>\n<th>ATENCI\u00d3N<\/th>\n<\/tr>\n<\/tbody>\n<tbody>\n<tr align=\"CENTER\" valign=\"bottom\">\n<td>MANEJO (HANDLING)<\/td>\n<td>USD 120.00<\/td>\n<td>POR CONTENEDOR<\/td>\n<td>1 D\u00cdA \u00daTIL<\/td>\n<\/tr>\n<tr align=\"CENTER\" valign=\"bottom\">\n<td>TRANSMISI\u00d3N<\/td>\n<td>USD 65.00<\/td>\n<td>POR HBL<\/td>\n<td>1 D\u00cdA \u00daTIL<\/td>\n<\/tr>\n<tr align=\"CENTER\" valign=\"bottom\">\n<td>DOCUMENTACI\u00d3N (DOC FEE)<\/td>\n<td>USD 55.00<\/td>\n<td>POR HBL<\/td>\n<td>1 D\u00cdA \u00daTIL<\/td>\n<\/tr>\n<tr align=\"CENTER\" valign=\"bottom\">\n<td>OTHC\/DTHC<\/td>\n<td>USD 100.00<\/td>\n<td>POR CONTENEDOR<\/td>\n<td>1 D\u00cdA \u00daTIL<\/td>\n<\/tr>\n<tr align=\"CENTER\" valign=\"bottom\">\n<td>GASTOS ADMINISTRATIVOS<\/td>\n<td>USD 25.00<\/td>\n<td>POR HBL<\/td>\n<td>1 D\u00cdA \u00daTIL<\/td>\n<\/tr>\n<\/tbody>\n<\/table><\/div>\n\t\t\t\t<\/div>\n\t\t\t\t\t\t\t<div class=\"elementor-toggle-item\">\n\t\t\t\t\t<div id=\"elementor-tab-title-1452\" class=\"elementor-tab-title\" data-tab=\"2\" role=\"button\" aria-controls=\"elementor-tab-content-1452\" aria-expanded=\"false\">\n\t\t\t\t\t\t\t\t\t\t\t\t<span class=\"elementor-toggle-icon elementor-toggle-icon-left\" aria-hidden=\"true\">\n\t\t\t\t\t\t\t\t\t\t\t\t\t\t\t<span class=\"elementor-toggle-icon-closed\"><i class=\"fas fa-caret-right\"><\/i><\/span>\n\t\t\t\t\t\t\t\t<span class=\"elementor-toggle-icon-opened\"><i class=\"elementor-toggle-icon-opened fas fa-caret-up\"><\/i><\/span>\n\t\t\t\t\t\t\t\t\t\t\t\t\t<\/span>\n\t\t\t\t\t\t\t\t\t\t\t\t<a class=\"elementor-toggle-title\" tabindex=\"0\">Impo\/Expo Mar\u00edtimo LCL<\/a>\n\t\t\t\t\t<\/div>\n\n\t\t\t\t\t<div id=\"elementor-tab-content-1452\" class=\"elementor-tab-content elementor-clearfix\" data-tab=\"2\" role=\"region\" aria-labelledby=\"elementor-tab-title-1452\"><table>\n<tbody style=\"background: rgba(90,198,205,255); border: 1px solid rgba(200, 100, 0, 0.3);\">\n<tr>\n<th>MAR\u00cdTIMO LCL (IMPO\/EXPO)<\/th>\n<th>\u00a0 \u00a0 \u00a0 \u00a0COSTO SIN IGV<\/th>\n<th>UNIDAD DE COBRO<\/th>\n<th>ATENCI\u00d3N<\/th>\n<\/tr>\n<\/tbody>\n<tbody>\n<tr align=\"CENTER\" valign=\"bottom\">\n<td>HANDLING<\/td>\n<td>USD 120.00<\/td>\n<td>POR EMBARQUE<\/td>\n<td>1 D\u00cdA \u00daTIL<\/td>\n<\/tr>\n<tr align=\"CENTER\" valign=\"bottom\">\n<td>TRANSMISI\u00d3N<\/td>\n<td>USD 65.00<\/td>\n<td>POR HBL<\/td>\n<td>1 D\u00cdA \u00daTIL<\/td>\n<\/tr>\n<tr align=\"CENTER\" valign=\"bottom\">\n<td>DOCUMENTACI\u00d3N (DOC FEE)<\/td>\n<td>USD 55.00<\/td>\n<td>POR HBL<\/td>\n<td>1 D\u00cdA \u00daTIL<\/td>\n<\/tr>\n<tr align=\"CENTER\" valign=\"bottom\">\n<td>VISTO BUENO<\/td>\n<td>USD 220.00<\/td>\n<td>POR HBL<\/td>\n<td>3 D\u00cdAS \u00daTILES<\/td>\n<\/tr>\n<tr align=\"CENTER\">\n<td>CONSOLIDACI\u00d3N \/ DESCONSOLIDACI\u00d3N<\/td>\n<td>USD 65.00 X TON MIN: USD 65.00 M\u00e1ximo: USD 600.00<\/td>\n<td>POR HBL<\/td>\n<td>3 D\u00cdAS \u00daTILES<\/td>\n<\/tr>\n<\/tbody>\n<\/table><\/div>\n\t\t\t\t<\/div>\n\t\t\t\t\t\t\t<div class=\"elementor-toggle-item\">\n\t\t\t\t\t<div id=\"elementor-tab-title-1453\" class=\"elementor-tab-title\" data-tab=\"3\" role=\"button\" aria-controls=\"elementor-tab-content-1453\" aria-expanded=\"false\">\n\t\t\t\t\t\t\t\t\t\t\t\t<span class=\"elementor-toggle-icon elementor-toggle-icon-left\" aria-hidden=\"true\">\n\t\t\t\t\t\t\t\t\t\t\t\t\t\t\t<span class=\"elementor-toggle-icon-closed\"><i class=\"fas fa-caret-right\"><\/i><\/span>\n\t\t\t\t\t\t\t\t<span class=\"elementor-toggle-icon-opened\"><i class=\"elementor-toggle-icon-opened fas fa-caret-up\"><\/i><\/span>\n\t\t\t\t\t\t\t\t\t\t\t\t\t<\/span>\n\t\t\t\t\t\t\t\t\t\t\t\t<a class=\"elementor-toggle-title\" tabindex=\"0\">A\u00e9reo<\/a>\n\t\t\t\t\t<\/div>\n\n\t\t\t\t\t<div id=\"elementor-tab-content-1453\" class=\"elementor-tab-content elementor-clearfix\" data-tab=\"3\" role=\"region\" aria-labelledby=\"elementor-tab-title-1453\"><table class=\"default\">\n<tbody style=\"background: rgba(90,198,205,255); border: 1px solid rgba(200, 100, 0, 0.3);\">\n<tr>\n<th>A\u00c9REO (IMPO\/EXPO)<\/th>\n<th>COSTO SIN IGV<\/th>\n<th>UNIDAD DE COBRO<\/th>\n<th>ATENCI\u00d3N<\/th>\n<\/tr>\n<\/tbody>\n<tbody>\n<tr align=\"CENTER\" valign=\"bottom\">\n<td>HANDLING<\/td>\n<td>USD 120.00<\/td>\n<td>POR EMBARQUE<\/td>\n<td>1 D\u00cdA \u00daTIL<\/td>\n<\/tr>\n<tr align=\"CENTER\" valign=\"bottom\">\n<td>GASTOS ADMINISTRATIVOS<\/td>\n<td>USD 25.00<\/td>\n<td>POR GU\u00cdA A\u00c9REA (HAWB)<\/td>\n<td>1 D\u00cdA \u00daTIL<\/td>\n<\/tr>\n<tr align=\"CENTER\" valign=\"bottom\">\n<td>TRANSMISI\u00d3N<\/td>\n<td>USD 95.00<\/td>\n<td>POR GUIA AEREA (HAWB)<\/td>\n<td>1 D\u00cdA \u00daTIL<\/td>\n<\/tr>\n\n<\/tbody>\n<\/table><\/div>\n\t\t\t\t<\/div>\n\t\t\t\t\t\t\t<div class=\"elementor-toggle-item\">\n\t\t\t\t\t<div id=\"elementor-tab-title-1454\" class=\"elementor-tab-title\" data-tab=\"4\" role=\"button\" aria-controls=\"elementor-tab-content-1454\" aria-expanded=\"false\">\n\t\t\t\t\t\t\t\t\t\t\t\t<span class=\"elementor-toggle-icon elementor-toggle-icon-left\" aria-hidden=\"true\">\n\t\t\t\t\t\t\t\t\t\t\t\t\t\t\t<span class=\"elementor-toggle-icon-closed\"><i class=\"fas fa-caret-right\"><\/i><\/span>\n\t\t\t\t\t\t\t\t<span class=\"elementor-toggle-icon-opened\"><i class=\"elementor-toggle-icon-opened fas fa-caret-up\"><\/i><\/span>\n\t\t\t\t\t\t\t\t\t\t\t\t\t<\/span>\n\t\t\t\t\t\t\t\t\t\t\t\t<a class=\"elementor-toggle-title\" tabindex=\"0\">Otros cargos seg\u00fan aplique<\/a>\n\t\t\t\t\t<\/div>\n\n\t\t\t\t\t<div id=\"elementor-tab-content-1454\" class=\"elementor-tab-content elementor-clearfix\" data-tab=\"4\" role=\"region\" aria-labelledby=\"elementor-tab-title-1454\"><table class=\"default\">\n<tbody style=\"background: rgba(90,198,205,255); border: 1px solid rgba(200, 100, 0, 0.3);\">\n<tr>\n<th>DESCRIPCI\u00d3N<\/th>\n<th>TARIFA<\/th>\n<th>UNIDAD DE COBRO<\/th>\n<th>ATENCI\u00d3N<\/th>\n<\/tr>\n<\/tbody>\n<tbody>\n<tr align=\"CENTER\" valign=\"bottom\">\n<td>EMISION DE HBL\/HAWB<\/td>\n<td>USD 35.00<\/td>\n<td>HBL\/HAWB\n<\/td>\n<td>1 D\u00cdA \u00daTIL<\/td>\n<\/tr>\n<tr align=\"CENTER\" valign=\"bottom\">\n<td>TRANSFER FEE<\/td>\n<td>USD 75.00<\/td>\n<td>HBL\/HAWB<\/td>\n<td>1 D\u00cdA \u00daTIL<\/td>\n<\/tr>\n<tr align=\"CENTER\" valign=\"bottom\">\n<td>SERVICIO EXTRAORDINARIO <\/td>\n<td>USD 15.00<\/td>\n<td>POR HORA HBL\/HAWB<\/td>\n<td>1 D\u00cdA \u00daTIL<\/td>\n<\/tr>\n<tr align=\"CENTER\" valign=\"bottom\">\n<td>CORRECTOR EXTEMPORANEO <\/td>\n<td>USD 85.00<\/td>\n<td>HBL\/HAWB<\/td>\n<td>1 D\u00cdA \u00daTIL<\/td>\n<\/tr>\n<tr align=\"CENTER\" valign=\"bottom\">\n<td>AMS<\/td>\n<td>USD 35.00<\/td>\n<td>POR HBL<\/td>\n<td>1 D\u00cdA \u00daTIL<\/td>\n<\/tr>\n<tr align=\"CENTER\" valign=\"bottom\">\n<td>SEGURO DE CARGA<\/td>\n<td>0.45%<\/td>\n<td>VALOR ASEGURABLE<\/td>\n<td>1 D\u00cdA \u00daTIL<\/td>\n<\/tr>\n<tr align=\"CENTER\" valign=\"bottom\">\n<td>GASTOS OPERATIVOS<\/td>\n<td>USD 35.00<\/td>\n<td>HBL\/HAWB<\/td>\n<td>1 D\u00cdA \u00daTIL<\/td>\n<\/tr>\n<tr align=\"CENTER\" valign=\"bottom\">\n<td>EMISI\u00d3N DE POLIZA DE SEGURO<\/td>\n<td>USD 20.00<\/td>\n<td>HBL\/HAWB<\/td>\n<td>1 D\u00cdA \u00daTIL<\/td>\n<\/tr>\n<tr align=\"CENTER\" valign=\"bottom\">\n<td>GASTOS ADMINISTRATIVOS<\/td>\n<td>USD 25.00<\/td>\n<td>HBL\/HAWB<\/td>\n<td>1 D\u00cdA \u00daTIL<\/td>\n<\/tr>\n<tr align=\"CENTER\" valign=\"bottom\">\n<td>COLLECT FEE<\/td>\n<td>5%  (M\u00cdNIMO: USD 100.00)<\/td>\n<td>SOBRE EL VALOR DEL FLETE<\/td>\n<td>1 D\u00cdA \u00daTIL<\/td>\n<\/tr>\n<\/tbody>\n<\/table><\/div>\n\t\t\t\t<\/div>\n\t\t\t\t\t\t\t\t<\/div>\n\t\t\t\t\t\t<\/div>\n\t\t\t\t<\/div>\n\t\t\t\t<div class=\"elementor-element elementor-element-ceed06a elementor-widget elementor-widget-spacer\" data-id=\"ceed06a\" data-element_type=\"widget\" data-widget_type=\"spacer.default\">\n\t\t\t\t<div class=\"elementor-widget-container\">\n\t\t\t\t\t\t\t<div class=\"elementor-spacer\">\n\t\t\t<div class=\"elementor-spacer-inner\"><\/div>\n\t\t<\/div>\n\t\t\t\t\t\t<\/div>\n\t\t\t\t<\/div>\n\t\t\t\t<div class=\"elementor-element elementor-element-c175493 elementor-widget elementor-widget-heading\" data-id=\"c175493\" data-element_type=\"widget\" data-widget_type=\"heading.default\">\n\t\t\t\t<div class=\"elementor-widget-container\">\n\t\t\t\t\t<h2 class=\"elementor-heading-title elementor-size-default\">CONDICIONES GENERALES:<\/h2>\t\t\t\t<\/div>\n\t\t\t\t<\/div>\n\t\t\t\t<div class=\"elementor-element elementor-element-3651731 elementor-icon-list--layout-traditional elementor-list-item-link-full_width elementor-widget elementor-widget-icon-list\" data-id=\"3651731\" data-element_type=\"widget\" data-widget_type=\"icon-list.default\">\n\t\t\t\t<div class=\"elementor-widget-container\">\n\t\t\t\t\t\t\t<ul class=\"elementor-icon-list-items\">\n\t\t\t\t\t\t\t<li class=\"elementor-icon-list-item\">\n\t\t\t\t\t\t\t\t\t\t\t<span class=\"elementor-icon-list-icon\">\n\t\t\t\t\t\t\t<i aria-hidden=\"true\" class=\"fas fa-chevron-right\"><\/i>\t\t\t\t\t\t<\/span>\n\t\t\t\t\t\t\t\t\t\t<span class=\"elementor-icon-list-text\">Tarifa afecta a impuestos, a\u00f1adir el 18% por concepto de IGV.<\/span>\n\t\t\t\t\t\t\t\t\t<\/li>\n\t\t\t\t\t\t\t\t<li class=\"elementor-icon-list-item\">\n\t\t\t\t\t\t\t\t\t\t\t<span class=\"elementor-icon-list-icon\">\n\t\t\t\t\t\t\t<i aria-hidden=\"true\" class=\"fas fa-chevron-right\"><\/i>\t\t\t\t\t\t<\/span>\n\t\t\t\t\t\t\t\t\t\t<span class=\"elementor-icon-list-text\">Tarifario v\u00e1lido para todo el territorio nacional y\/o cincunscripciones aduaneras.<\/span>\n\t\t\t\t\t\t\t\t\t<\/li>\n\t\t\t\t\t\t\t\t<li class=\"elementor-icon-list-item\">\n\t\t\t\t\t\t\t\t\t\t\t<span class=\"elementor-icon-list-icon\">\n\t\t\t\t\t\t\t<i aria-hidden=\"true\" class=\"fas fa-angle-right\"><\/i>\t\t\t\t\t\t<\/span>\n\t\t\t\t\t\t\t\t\t\t<span class=\"elementor-icon-list-text\">AMS Solo Aplicable para exportaciones a USA<\/span>\n\t\t\t\t\t\t\t\t\t<\/li>\n\t\t\t\t\t\t\t\t<li class=\"elementor-icon-list-item\">\n\t\t\t\t\t\t\t\t\t\t\t<span class=\"elementor-icon-list-icon\">\n\t\t\t\t\t\t\t<i aria-hidden=\"true\" class=\"fas fa-angle-right\"><\/i>\t\t\t\t\t\t<\/span>\n\t\t\t\t\t\t\t\t\t\t<span class=\"elementor-icon-list-text\">Costos de Exportaci\u00f3n e Importaci\u00f3n Mar\u00edtima no incluyen gastos Portuarios, Almacenajes, Sobrestad\u00eda entre otros no contemplados en nuestro tarifario<\/span>\n\t\t\t\t\t\t\t\t\t<\/li>\n\t\t\t\t\t\t\t\t<li class=\"elementor-icon-list-item\">\n\t\t\t\t\t\t\t\t\t\t\t<span class=\"elementor-icon-list-icon\">\n\t\t\t\t\t\t\t<i aria-hidden=\"true\" class=\"fas fa-angle-right\"><\/i>\t\t\t\t\t\t<\/span>\n\t\t\t\t\t\t\t\t\t\t<span class=\"elementor-icon-list-text\">Los documentos de embarque originales o copias no negociables deben ser recogidos siempre en nuestra oficina principal.<\/span>\n\t\t\t\t\t\t\t\t\t<\/li>\n\t\t\t\t\t\t\t\t<li class=\"elementor-icon-list-item\">\n\t\t\t\t\t\t\t\t\t\t\t<span class=\"elementor-icon-list-icon\">\n\t\t\t\t\t\t\t<i aria-hidden=\"true\" class=\"fas fa-angle-right\"><\/i>\t\t\t\t\t\t<\/span>\n\t\t\t\t\t\t\t\t\t\t<span class=\"elementor-icon-list-text\">Tiempo de atenci\u00f3n, se considera d\u00eda h\u00e1bil de Lunes a Viernes en horario laboral,  de 9:00 am a 1:00 pm y 2:00 pm hasta 5:00 pm<\/span>\n\t\t\t\t\t\t\t\t\t<\/li>\n\t\t\t\t\t\t\t\t<li class=\"elementor-icon-list-item\">\n\t\t\t\t\t\t\t\t\t\t\t<span class=\"elementor-icon-list-icon\">\n\t\t\t\t\t\t\t<i aria-hidden=\"true\" class=\"fas fa-angle-right\"><\/i>\t\t\t\t\t\t<\/span>\n\t\t\t\t\t\t\t\t\t\t<span class=\"elementor-icon-list-text\">Collect Fee aplica para las cargas de IMPORTACION, cuando el Flete esta bajo condicion cobro en destino (Freight Collect)<\/span>\n\t\t\t\t\t\t\t\t\t<\/li>\n\t\t\t\t\t\t<\/ul>\n\t\t\t\t\t\t<\/div>\n\t\t\t\t<\/div>\n\t\t\t\t\t<\/div>\n\t\t<\/div>\n\t\t\t\t\t<\/div>\n\t\t<\/section>\n\t\t\t\t<section class=\"elementor-section elementor-top-section elementor-element elementor-element-7de43488 elementor-section-height-min-height elementor-section-boxed elementor-section-height-default elementor-section-items-middle\" data-id=\"7de43488\" data-element_type=\"section\" data-settings=\"{&quot;background_background&quot;:&quot;video&quot;,&quot;background_video_link&quot;:&quot;https:\\\/\\\/smartbusiness-peru.com\\\/wp-content\\\/uploads\\\/2023\\\/01\\\/production-ID_4499159.mp4&quot;,&quot;background_play_on_mobile&quot;:&quot;yes&quot;}\">\n\t\t\t\t\t\t\t\t<div class=\"elementor-background-video-container\">\n\t\t\t\t\t\t\t\t\t\t\t\t\t<video class=\"elementor-background-video-hosted\" autoplay muted playsinline loop><\/video>\n\t\t\t\t\t\t\t\t\t\t\t<\/div>\n\t\t\t\t\t\t\t\t\t<div class=\"elementor-background-overlay\"><\/div>\n\t\t\t\t\t\t\t<div class=\"elementor-container elementor-column-gap-no\">\n\t\t\t\t\t<div class=\"elementor-column elementor-col-100 elementor-top-column elementor-element elementor-element-28317beb\" data-id=\"28317beb\" data-element_type=\"column\">\n\t\t\t<div class=\"elementor-widget-wrap elementor-element-populated\">\n\t\t\t\t\t\t<div class=\"elementor-element elementor-element-9307345 elementor-invisible elementor-widget elementor-widget-heading\" data-id=\"9307345\" data-element_type=\"widget\" data-settings=\"{&quot;_animation&quot;:&quot;zoomIn&quot;}\" data-widget_type=\"heading.default\">\n\t\t\t\t<div class=\"elementor-widget-container\">\n\t\t\t\t\t<h6 class=\"elementor-heading-title elementor-size-default\">Somos Smart Bussines Corporation<\/h6>\t\t\t\t<\/div>\n\t\t\t\t<\/div>\n\t\t\t\t<div class=\"elementor-element elementor-element-6c95b1bb elementor-invisible elementor-widget elementor-widget-heading\" data-id=\"6c95b1bb\" data-element_type=\"widget\" data-settings=\"{&quot;_animation&quot;:&quot;zoomIn&quot;}\" data-widget_type=\"heading.default\">\n\t\t\t\t<div class=\"elementor-widget-container\">\n\t\t\t\t\t<h2 class=\"elementor-heading-title elementor-size-default\">\u00bfNecesitas ayuda?<\/h2>\t\t\t\t<\/div>\n\t\t\t\t<\/div>\n\t\t\t\t<div class=\"elementor-element elementor-element-3826d926 elementor-invisible elementor-widget elementor-widget-text-editor\" data-id=\"3826d926\" data-element_type=\"widget\" data-settings=\"{&quot;_animation&quot;:&quot;zoomIn&quot;}\" data-widget_type=\"text-editor.default\">\n\t\t\t\t<div class=\"elementor-widget-container\">\n\t\t\t\t\t\t\t\t\t<p>Escr\u00edbenos para darte mayor informaci\u00f3n y poder resolver tus dudas.<\/p>\t\t\t\t\t\t\t\t<\/div>\n\t\t\t\t<\/div>\n\t\t\t\t<div class=\"elementor-element elementor-element-13ec7176 elementor-align-center elementor-invisible elementor-widget elementor-widget-button\" data-id=\"13ec7176\" data-element_type=\"widget\" data-settings=\"{&quot;_animation&quot;:&quot;bounceIn&quot;}\" data-widget_type=\"button.default\">\n\t\t\t\t<div class=\"elementor-widget-container\">\n\t\t\t\t\t\t\t\t\t<div class=\"elementor-button-wrapper\">\n\t\t\t\t\t<a class=\"elementor-button elementor-button-link elementor-size-sm elementor-animation-shrink\" href=\"https:\/\/wa.link\/ccozhr\">\n\t\t\t\t\t\t<span class=\"elementor-button-content-wrapper\">\n\t\t\t\t\t\t\t\t\t<span class=\"elementor-button-text\">WHATSAPP<\/span>\n\t\t\t\t\t<\/span>\n\t\t\t\t\t<\/a>\n\t\t\t\t<\/div>\n\t\t\t\t\t\t\t\t<\/div>\n\t\t\t\t<\/div>\n\t\t\t\t\t<\/div>\n\t\t<\/div>\n\t\t\t\t\t<\/div>\n\t\t<\/section>\n\t\t\t\t<\/div>\n\t\t","protected":false},"excerpt":{"rendered":"<p>Tarifario Inicio &gt; Tarifario \u00abTarifario v\u00e1lido para todo el territorio nacional, NO INCLUYE IGV\u00bb Impo\/Expo Mar\u00edtimo FCL MAR\u00cdTIMO FCL (IMPO\/EXPO) COSTO SIN IGV UNIDAD DE COBRO ATENCI\u00d3N MANEJO (HANDLING) USD 120.00 POR CONTENEDOR 1 D\u00cdA \u00daTIL TRANSMISI\u00d3N USD 65.00 POR HBL 1 D\u00cdA \u00daTIL DOCUMENTACI\u00d3N (DOC FEE) USD 55.00 POR HBL 1 D\u00cdA \u00daTIL OTHC\/DTHC [&hellip;]<\/p>\n","protected":false},"author":1,"featured_media":0,"parent":0,"menu_order":0,"comment_status":"closed","ping_status":"closed","template":"elementor_header_footer","meta":{"site-sidebar-layout":"no-sidebar","site-content-layout":"page-builder","ast-site-content-layout":"","site-content-style":"default","site-sidebar-style":"default","ast-global-header-display":"","ast-banner-title-visibility":"","ast-main-header-display":"","ast-hfb-above-header-display":"","ast-hfb-below-header-display":"","ast-hfb-mobile-header-display":"","site-post-title":"disabled","ast-breadcrumbs-content":"","ast-featured-img":"disabled","footer-sml-layout":"","theme-transparent-header-meta":"","adv-header-id-meta":"","stick-header-meta":"","header-above-stick-meta":"","header-main-stick-meta":"","header-below-stick-meta":"","astra-migrate-meta-layouts":"default","ast-page-background-enabled":"default","ast-page-background-meta":{"desktop":{"background-color":"","background-image":"","background-repeat":"repeat","background-position":"center center","background-size":"auto","background-attachment":"scroll","background-type":"","background-media":"","overlay-type":"","overlay-color":"","overlay-opacity":"","overlay-gradient":""},"tablet":{"background-color":"","background-image":"","background-repeat":"repeat","background-position":"center center","background-size":"auto","background-attachment":"scroll","background-type":"","background-media":"","overlay-type":"","overlay-color":"","overlay-opacity":"","overlay-gradient":""},"mobile":{"background-color":"","background-image":"","background-repeat":"repeat","background-position":"center center","background-size":"auto","background-attachment":"scroll","background-type":"","background-media":"","overlay-type":"","overlay-color":"","overlay-opacity":"","overlay-gradient":""}},"ast-content-background-meta":{"desktop":{"background-color":"var(--ast-global-color-5)","background-image":"","background-repeat":"repeat","background-position":"center center","background-size":"auto","background-attachment":"scroll","background-type":"","background-media":"","overlay-type":"","overlay-color":"","overlay-opacity":"","overlay-gradient":""},"tablet":{"background-color":"var(--ast-global-color-5)","background-image":"","background-repeat":"repeat","background-position":"center center","background-size":"auto","background-attachment":"scroll","background-type":"","background-media":"","overlay-type":"","overlay-color":"","overlay-opacity":"","overlay-gradient":""},"mobile":{"background-color":"var(--ast-global-color-5)","background-image":"","background-repeat":"repeat","background-position":"center center","background-size":"auto","background-attachment":"scroll","background-type":"","background-media":"","overlay-type":"","overlay-color":"","overlay-opacity":"","overlay-gradient":""}},"footnotes":""},"class_list":["post-1220","page","type-page","status-publish","hentry"],"_links":{"self":[{"href":"https:\/\/smartbusiness-peru.com\/index.php?rest_route=\/wp\/v2\/pages\/1220","targetHints":{"allow":["GET"]}}],"collection":[{"href":"https:\/\/smartbusiness-peru.com\/index.php?rest_route=\/wp\/v2\/pages"}],"about":[{"href":"https:\/\/smartbusiness-peru.com\/index.php?rest_route=\/wp\/v2\/types\/page"}],"author":[{"embeddable":true,"href":"https:\/\/smartbusiness-peru.com\/index.php?rest_route=\/wp\/v2\/users\/1"}],"replies":[{"embeddable":true,"href":"https:\/\/smartbusiness-peru.com\/index.php?rest_route=%2Fwp%2Fv2%2Fcomments&post=1220"}],"version-history":[{"count":29,"href":"https:\/\/smartbusiness-peru.com\/index.php?rest_route=\/wp\/v2\/pages\/1220\/revisions"}],"predecessor-version":[{"id":1376,"href":"https:\/\/smartbusiness-peru.com\/index.php?rest_route=\/wp\/v2\/pages\/1220\/revisions\/1376"}],"wp:attachment":[{"href":"https:\/\/smartbusiness-peru.com\/index.php?rest_route=%2Fwp%2Fv2%2Fmedia&parent=1220"}],"curies":[{"name":"wp","href":"https:\/\/api.w.org\/{rel}","templated":true}]}}